{"id":19615,"date":"2015-09-23T08:50:11","date_gmt":"2015-09-23T08:50:11","guid":{"rendered":""},"modified":"2020-05-03T15:06:58","modified_gmt":"2020-05-03T13:06:58","slug":"carte","status":"publish","type":"page","link":"https:\/\/map.thegreenergood.fr\/index.php\/carte\/","title":{"rendered":"Explorez"},"content":{"rendered":"<h3><\/h3>\n<h3 style=\"text-align: left;\">\u00a0Explorez la carte \u00e0 la recherche des meilleures adresses de Lyon !<\/h3>\n<div class=\"job_listings\" data-location=\"\" data-keywords=\"\" data-show_filters=\"true\" data-show_pagination=\"false\" data-per_page=\"9999\" data-orderby=\"featured\" data-order=\"DESC\" data-categories=\"\" data-disable-form-state-storage=\"\" data-post_id=\"19615\" ><div class=\"myflex\">\n<div class=\"myflex__left\">\n\t<form class=\"job_filters\">\n\t\t\n\t\t<a href=\"#\" class=\"findme  js-find-me\"><\/a>\n\n\t\t<div class=\"search_jobs\">\n\t\t\t\t\t\t<input type=\"hidden\" name=\"search_keywords\" id=\"search_keywords\" value=\"\"\/>\n\n\t\t\t<div class=\"search_location\">\n\t\t\t\t<label for=\"search_location\">Location<\/label>\n\t\t\t\t<input type=\"text\" name=\"search_location\" id=\"search_location\"\n\t\t\t\t       placeholder=\"Location\"\n\t\t\t\t       value=\"\"\/>\n\t\t\t<\/div>\n\n\t\t\t<div class=\"select-categories\">\n\t\t\t\t\n\t\t\t\t\t<div class=\"search_categories\">\n\t\t\t\t\t\t<label for=\"search_categories\">Category<\/label>\n\t\t\t\t\t\t<select name='search_categories[]' id='search_categories' class='job-manager-category-dropdown '  data-placeholder='Choisissez une cat\u00e9gorie&hellip;' data-no_results_text='Aucun r\u00e9sultat' data-multiple_text='Choisir une option'>\n<option value=\"\">Toutes les cat\u00e9gories<\/option>\t<option class=\"level-0\" value=\"46\">Alimentation<\/option>\n\t<option class=\"level-1\" value=\"161\">&nbsp;&nbsp;&nbsp;Boucheries, fromageries, poissonneries<\/option>\n\t<option class=\"level-1\" value=\"160\">&nbsp;&nbsp;&nbsp;Boulangeries, chocolateries, glaciers<\/option>\n\t<option class=\"level-1\" value=\"162\">&nbsp;&nbsp;&nbsp;Caf\u00e9s, salons de th\u00e9, bars<\/option>\n\t<option class=\"level-1\" value=\"158\">&nbsp;&nbsp;&nbsp;Caves \u00e0 vins, brasseurs et boissons<\/option>\n\t<option class=\"level-1\" value=\"122\">&nbsp;&nbsp;&nbsp;Magasins bio, \u00e9piceries vrac<\/option>\n\t<option class=\"level-1\" value=\"159\">&nbsp;&nbsp;&nbsp;Paniers et services de livraison<\/option>\n\t<option class=\"level-1\" value=\"38\">&nbsp;&nbsp;&nbsp;Produits d&#039;\u00e9picerie<\/option>\n\t<option class=\"level-1\" value=\"60\">&nbsp;&nbsp;&nbsp;Restaurants<\/option>\n\t<option class=\"level-1\" value=\"32\">&nbsp;&nbsp;&nbsp;Traiteurs<\/option>\n\t<option class=\"level-0\" value=\"86\">Associations et organismes de formation<\/option>\n\t<option class=\"level-0\" value=\"51\">Famille<\/option>\n\t<option class=\"level-1\" value=\"95\">&nbsp;&nbsp;&nbsp;Activit\u00e9s parents-enfants<\/option>\n\t<option class=\"level-1\" value=\"169\">&nbsp;&nbsp;&nbsp;Jeux et jouets<\/option>\n\t<option class=\"level-1\" value=\"64\">&nbsp;&nbsp;&nbsp;Pu\u00e9riculture et alimentation pour enfants<\/option>\n\t<option class=\"level-1\" value=\"50\">&nbsp;&nbsp;&nbsp;V\u00eatements pour enfants<\/option>\n\t<option class=\"level-0\" value=\"61\">Habitat<\/option>\n\t<option class=\"level-1\" value=\"42\">&nbsp;&nbsp;&nbsp;Ameublement, \u00e9lectrom\u00e9nager<\/option>\n\t<option class=\"level-1\" value=\"48\">&nbsp;&nbsp;&nbsp;Ateliers de bricolage et d&#039;auto-r\u00e9paration<\/option>\n\t<option class=\"level-1\" value=\"39\">&nbsp;&nbsp;&nbsp;D\u00e9coration<\/option>\n\t<option class=\"level-1\" value=\"126\">&nbsp;&nbsp;&nbsp;Droguerie et produits d\u2019entretien<\/option>\n\t<option class=\"level-1\" value=\"167\">&nbsp;&nbsp;&nbsp;Entreprises de travaux<\/option>\n\t<option class=\"level-1\" value=\"43\">&nbsp;&nbsp;&nbsp;Jardineries, fleuristes<\/option>\n\t<option class=\"level-1\" value=\"166\">&nbsp;&nbsp;&nbsp;Z\u00e9ro d\u00e9chet \/ accessoires pour le quotidien<\/option>\n\t<option class=\"level-0\" value=\"44\">Hygi\u00e8ne et bien-\u00eatre<\/option>\n\t<option class=\"level-1\" value=\"165\">&nbsp;&nbsp;&nbsp;Ateliers de fabrication de cosm\u00e9tiques<\/option>\n\t<option class=\"level-1\" value=\"41\">&nbsp;&nbsp;&nbsp;Boutiques et marques de cosm\u00e9tiques<\/option>\n\t<option class=\"level-1\" value=\"164\">&nbsp;&nbsp;&nbsp;Herboristeries<\/option>\n\t<option class=\"level-1\" value=\"163\">&nbsp;&nbsp;&nbsp;Hygi\u00e8ne menstruelle<\/option>\n\t<option class=\"level-1\" value=\"121\">&nbsp;&nbsp;&nbsp;Salons de coiffure et instituts<\/option>\n\t<option class=\"level-0\" value=\"62\">Loisirs<\/option>\n\t<option class=\"level-1\" value=\"35\">&nbsp;&nbsp;&nbsp;Lecture<\/option>\n\t<option class=\"level-1\" value=\"40\">&nbsp;&nbsp;&nbsp;Sport<\/option>\n\t<option class=\"level-1\" value=\"33\">&nbsp;&nbsp;&nbsp;Tourisme<\/option>\n\t<option class=\"level-0\" value=\"34\">Mobilit\u00e9<\/option>\n\t<option class=\"level-1\" value=\"173\">&nbsp;&nbsp;&nbsp;Autopartage et covoiturage<\/option>\n\t<option class=\"level-1\" value=\"174\">&nbsp;&nbsp;&nbsp;R\u00e9paration de v\u00e9los<\/option>\n\t<option class=\"level-1\" value=\"175\">&nbsp;&nbsp;&nbsp;Vente et location de v\u00e9los et trottinettes<\/option>\n\t<option class=\"level-0\" value=\"168\">Ressourceries<\/option>\n\t<option class=\"level-0\" value=\"56\">Services<\/option>\n\t<option class=\"level-1\" value=\"36\">&nbsp;&nbsp;&nbsp;Autres services<\/option>\n\t<option class=\"level-1\" value=\"55\">&nbsp;&nbsp;&nbsp;Banque, finances, assurances<\/option>\n\t<option class=\"level-1\" value=\"98\">&nbsp;&nbsp;&nbsp;Energie<\/option>\n\t<option class=\"level-1\" value=\"187\">&nbsp;&nbsp;&nbsp;Ev\u00e9nements<\/option>\n\t<option class=\"level-1\" value=\"52\">&nbsp;&nbsp;&nbsp;Num\u00e9rique \/ outils en ligne<\/option>\n\t<option class=\"level-0\" value=\"63\">V\u00eatements et accessoires<\/option>\n\t<option class=\"level-1\" value=\"172\">&nbsp;&nbsp;&nbsp;Ateliers de couture<\/option>\n\t<option class=\"level-1\" value=\"116\">&nbsp;&nbsp;&nbsp;Bijoux, lunettes<\/option>\n\t<option class=\"level-1\" value=\"170\">&nbsp;&nbsp;&nbsp;Friperies<\/option>\n\t<option class=\"level-1\" value=\"171\">&nbsp;&nbsp;&nbsp;Laveries et pressings<\/option>\n\t<option class=\"level-1\" value=\"66\">&nbsp;&nbsp;&nbsp;Location de v\u00eatements<\/option>\n\t<option class=\"level-1\" value=\"124\">&nbsp;&nbsp;&nbsp;Maroquinerie (sacs, chaussures)<\/option>\n\t<option class=\"level-1\" value=\"30\">&nbsp;&nbsp;&nbsp;V\u00eatements<\/option>\n<\/select>\n\t\t\t\t\t<\/div>\n\n\t\t\t\t\t\t\t<\/div><!-- .select-categories -->\n\t\t\t\t\t\t\t<div class=\"select-tags\">\n\t\t\t\t\t<select class=\"tags-select\" data-placeholder=\"Filter by tags\"\n\t\t\t\t\t        name=\"job_tag_select\" multiple>\n\t\t\t\t\t\t\t\t\t\t\t\t\t<option value=\"A emporter\">A emporter<\/option>\n\t\t\t\t\t\t\t\t\t\t\t\t\t<option value=\"Accepte La Gonette\">Accepte La Gonette<\/option>\n\t\t\t\t\t\t\t\t\t\t\t\t\t<option value=\"Agriculture biologique\">Agriculture biologique<\/option>\n\t\t\t\t\t\t\t\t\t\t\t\t\t<option value=\"Artisanal\">Artisanal<\/option>\n\t\t\t\t\t\t\t\t\t\t\t\t\t<option value=\"Equitable \/ solidaire\">Equitable \/ solidaire<\/option>\n\t\t\t\t\t\t\t\t\t\t\t\t\t<option value=\"Fabriqu\u00e9 \u00e0 partir de mat\u00e9riaux revaloris\u00e9s\">Fabriqu\u00e9 \u00e0 partir de mat\u00e9riaux revaloris\u00e9s<\/option>\n\t\t\t\t\t\t\t\t\t\t\t\t\t<option value=\"Fabrique en France\">Fabrique en France<\/option>\n\t\t\t\t\t\t\t\t\t\t\t\t\t<option value=\"Labellis\u00e9 Engag\u00e9 \u00e0 Lyon (anciennement Lyon Ville Equitable et Durable)\">Labellis\u00e9 Engag\u00e9 \u00e0 Lyon (anciennement Lyon Ville Equitable et Durable)<\/option>\n\t\t\t\t\t\t\t\t\t\t\t\t\t<option value=\"Produits locaux\">Produits locaux<\/option>\n\t\t\t\t\t\t\t\t\t\t\t\t\t<option value=\"Sans gluten\">Sans gluten<\/option>\n\t\t\t\t\t\t\t\t\t\t\t\t\t<option value=\"Seconde main \/ Occasion\">Seconde main \/ Occasion<\/option>\n\t\t\t\t\t\t\t\t\t\t\t\t\t<option value=\"Vegan\">Vegan<\/option>\n\t\t\t\t\t\t\t\t\t\t\t\t\t<option value=\"V\u00e9g\u00e9tarien\">V\u00e9g\u00e9tarien<\/option>\n\t\t\t\t\t\t\t\t\t\t\t\t\t<option value=\"Z\u00e9ro d\u00e9chet\">Z\u00e9ro d\u00e9chet<\/option>\n\t\t\t\t\t\t\t\t\t\t\t<\/select>\n\t\t\t\t<\/div>\n\t\t\t\t<div class=\"active-tags\"><\/div>\n\t\t\t<div class=\"filter_wide filter_by_tag\">Filter by tag: <span class=\"filter_by_tag_cloud\"><\/span><\/div>\t\t<\/div><!-- .search_jobs -->\n\n\t\t<div class=\"mobile-buttons\">\n\t\t\t<button class=\"btn btn--filter\">Filter\t\t\t\t<span>Listings<\/span><\/button>\n\t\t\t<button class=\"btn btn--view btn--view-map\"><span>Map View<\/span>\n\t\t\t<\/button>\n\t\t\t<button class=\"btn btn--view btn--view-cards\">\n\t\t\t\t<span>Cards View <\/span><\/button>\n\t\t<\/div>\n\n\t\t\t<ul class=\"job_types\">\n\t\t\t<\/ul>\n\t<input type=\"hidden\" name=\"filter_job_type[]\" value=\"\" \/>\n<div class=\"showing_jobs\"><\/div>\n\t<\/form><!-- .job_filter -->\n\n\t\n\t<noscript>Your browser does not support JavaScript, or it is disabled. JavaScript must be enabled in order to view listings.<\/noscript>\n\n\n<div class=\"grid list job_listings\">\n\n\n\n<\/div><!-- .grid.list.job_listings -->\n<svg class=\"loader\" width=\"40px\" height=\"40px\" viewBox=\"0 0 40 40\" version=\"1.1\" xmlns=\"http:\/\/www.w3.org\/2000\/svg\" xmlns:xlink=\"http:\/\/www.w3.org\/1999\/xlink\">\n    <defs>\n        <linearGradient x1=\"50%\" y1=\"7.52257671%\" x2=\"50%\" y2=\"100%\" id=\"linearGradient-1\">\n            <stop stop-color=\"currentColor\" stop-opacity=\"0.5\" offset=\"0%\"><\/stop>\n            <stop stop-color=\"currentColor\" stop-opacity=\"0\" offset=\"100%\"><\/stop>\n        <\/linearGradient>\n        <linearGradient x1=\"50%\" y1=\"7.70206696%\" x2=\"50%\" y2=\"100%\" id=\"linearGradient-2\">\n            <stop stop-color=\"currentColor\" stop-opacity=\"0.5\" offset=\"0%\"><\/stop>\n            <stop stop-color=\"currentColor\" offset=\"100%\"><\/stop>\n        <\/linearGradient>\n    <\/defs>\n    <g id=\"Page-1\" stroke=\"none\" stroke-width=\"1\" fill=\"none\" fill-rule=\"evenodd\">\n        <g>\n            <path d=\"M20,0 C31.045695,0 40,8.954305 40,20 C40,31.045695 31.045695,40 20,40 L20,38 C29.9411255,38 38,29.9411255 38,20 C38,10.0588745 29.9411255,2 20,2 L20,0 Z\" id=\"Oval-1\" fill=\"url(#linearGradient-1)\"><\/path>\n            <path d=\"M20,0 C8.954305,0 0,8.954305 0,20 C0,31.045695 8.954305,40 20,40 L20,38 C10.0588745,38 2,29.9411255 2,20 C2,10.0588745 10.0588745,2 20,2 L20,0 Z\" id=\"Oval-1-Copy\" fill=\"url(#linearGradient-2)\"><\/path>\n        <\/g>\n    <\/g>\n<\/svg>\n\n<a class=\"load_more_jobs\" href=\"#\" style=\"display:none;\"><strong>Afficher plus de postes<\/strong><\/a>\t<\/div><!-- .myflex__left -->\n<div id=\"map\" class=\"map myflex__right\"><\/div>\n<\/div><!-- .myflex -->\n<\/div>\n","protected":false},"excerpt":{"rendered":"<p>\u00a0Explorez la carte \u00e0 la recherche des meilleures adresses de Lyon !<\/p>\n","protected":false},"author":1,"featured_media":0,"parent":0,"menu_order":0,"comment_status":"closed","ping_status":"closed","template":"","meta":{"_exactmetrics_skip_tracking":false,"_exactmetrics_sitenote_active":false,"_exactmetrics_sitenote_note":"","_exactmetrics_sitenote_category":0,"spay_email":""},"yoast_head":"<!-- This site is optimized with the Yoast SEO plugin v14.4.1 - https:\/\/yoast.com\/wordpress\/plugins\/seo\/ -->\n<title>Explorez la carte des adresses \u00e9coresponsables - The Greener Map<\/title>\n<meta name=\"description\" content=\"Explorez la carte \u00e0 la recherche des adresses durables et engag\u00e9es de Lyon et ses alentours ! Mode, beaut\u00e9, bien-\u00eatre, alimentation...\" \/>\n<meta name=\"robots\" content=\"index, follow\" \/>\n<meta name=\"googlebot\" content=\"index, follow, max-snippet:-1, max-image-preview:large, max-video-preview:-1\" \/>\n<meta name=\"bingbot\" content=\"index, follow, max-snippet:-1, max-image-preview:large, max-video-preview:-1\" \/>\n<link rel=\"canonical\" href=\"https:\/\/map.thegreenergood.fr\/index.php\/carte\/\" \/>\n<meta property=\"og:locale\" content=\"fr_FR\" \/>\n<meta property=\"og:type\" content=\"article\" \/>\n<meta property=\"og:title\" content=\"Explorez la carte des adresses \u00e9coresponsables - The Greener Map\" \/>\n<meta property=\"og:description\" content=\"Explorez la carte \u00e0 la recherche des adresses durables et engag\u00e9es de Lyon et ses alentours ! Mode, beaut\u00e9, bien-\u00eatre, alimentation...\" \/>\n<meta property=\"og:url\" content=\"https:\/\/map.thegreenergood.fr\/index.php\/carte\/\" \/>\n<meta property=\"og:site_name\" content=\"The Greener Map\" \/>\n<meta property=\"article:publisher\" content=\"https:\/\/www.facebook.com\/thegreenergoodFR\/\" \/>\n<meta property=\"article:modified_time\" content=\"2020-05-03T13:06:58+00:00\" \/>\n<meta name=\"twitter:card\" content=\"summary_large_image\" \/>\n<meta name=\"twitter:creator\" content=\"@TheGreenerGoodF\" \/>\n<meta name=\"twitter:site\" content=\"@TheGreenerGoodF\" \/>\n<script type=\"application\/ld+json\" class=\"yoast-schema-graph\">{\"@context\":\"https:\/\/schema.org\",\"@graph\":[{\"@type\":\"Organization\",\"@id\":\"https:\/\/map.thegreenergood.fr\/#organization\",\"name\":\"The Greener Good\",\"url\":\"https:\/\/map.thegreenergood.fr\/\",\"sameAs\":[\"https:\/\/www.facebook.com\/thegreenergoodFR\/\",\"https:\/\/www.instagram.com\/the_greener_good\/\",\"https:\/\/www.youtube.com\/channel\/UCHW2zAiIK5dMOJKqBSv3G4A\",\"https:\/\/twitter.com\/TheGreenerGoodF\"],\"logo\":{\"@type\":\"ImageObject\",\"@id\":\"https:\/\/map.thegreenergood.fr\/#logo\",\"inLanguage\":\"fr-FR\",\"url\":\"\",\"caption\":\"The Greener Good\"},\"image\":{\"@id\":\"https:\/\/map.thegreenergood.fr\/#logo\"}},{\"@type\":\"WebSite\",\"@id\":\"https:\/\/map.thegreenergood.fr\/#website\",\"url\":\"https:\/\/map.thegreenergood.fr\/\",\"name\":\"Guide Greener\",\"description\":\"Adresses \\u00e9coresponsables du Grand Lyon\",\"publisher\":{\"@id\":\"https:\/\/map.thegreenergood.fr\/#organization\"},\"potentialAction\":[{\"@type\":\"SearchAction\",\"target\":\"https:\/\/map.thegreenergood.fr\/?s={search_term_string}\",\"query-input\":\"required name=search_term_string\"}],\"inLanguage\":\"fr-FR\"},{\"@type\":\"WebPage\",\"@id\":\"https:\/\/map.thegreenergood.fr\/index.php\/carte\/#webpage\",\"url\":\"https:\/\/map.thegreenergood.fr\/index.php\/carte\/\",\"name\":\"Explorez la carte des adresses \\u00e9coresponsables - The Greener Map\",\"isPartOf\":{\"@id\":\"https:\/\/map.thegreenergood.fr\/#website\"},\"datePublished\":\"2015-09-23T08:50:11+00:00\",\"dateModified\":\"2020-05-03T13:06:58+00:00\",\"description\":\"Explorez la carte \\u00e0 la recherche des adresses durables et engag\\u00e9es de Lyon et ses alentours ! Mode, beaut\\u00e9, bien-\\u00eatre, alimentation...\",\"inLanguage\":\"fr-FR\",\"potentialAction\":[{\"@type\":\"ReadAction\",\"target\":[\"https:\/\/map.thegreenergood.fr\/index.php\/carte\/\"]}]}]}<\/script>\n<!-- \/ Yoast SEO plugin. -->","jetpack_sharing_enabled":true,"jetpack_shortlink":"https:\/\/wp.me\/Pa6u5w-56n","_links":{"self":[{"href":"https:\/\/map.thegreenergood.fr\/index.php\/wp-json\/wp\/v2\/pages\/19615"}],"collection":[{"href":"https:\/\/map.thegreenergood.fr\/index.php\/wp-json\/wp\/v2\/pages"}],"about":[{"href":"https:\/\/map.thegreenergood.fr\/index.php\/wp-json\/wp\/v2\/types\/page"}],"author":[{"embeddable":true,"href":"https:\/\/map.thegreenergood.fr\/index.php\/wp-json\/wp\/v2\/users\/1"}],"replies":[{"embeddable":true,"href":"https:\/\/map.thegreenergood.fr\/index.php\/wp-json\/wp\/v2\/comments?post=19615"}],"version-history":[{"count":9,"href":"https:\/\/map.thegreenergood.fr\/index.php\/wp-json\/wp\/v2\/pages\/19615\/revisions"}],"predecessor-version":[{"id":21911,"href":"https:\/\/map.thegreenergood.fr\/index.php\/wp-json\/wp\/v2\/pages\/19615\/revisions\/21911"}],"wp:attachment":[{"href":"https:\/\/map.thegreenergood.fr\/index.php\/wp-json\/wp\/v2\/media?parent=19615"}],"curies":[{"name":"wp","href":"https:\/\/api.w.org\/{rel}","templated":true}]}}