{"id":20759,"date":"2018-11-01T12:01:22","date_gmt":"2018-11-01T11:01:22","guid":{"rendered":"https:\/\/map.thegreenergood.fr\/?page_id=20759"},"modified":"2026-02-12T12:23:46","modified_gmt":"2026-02-12T11:23:46","slug":"conditions-generales-dutilisation","status":"publish","type":"page","link":"https:\/\/map.thegreenergood.fr\/index.php\/conditions-generales-dutilisation\/","title":{"rendered":"Conditions G\u00e9n\u00e9rales d&rsquo;Utilisation"},"content":{"rendered":"<p>Conditions g\u00e9n\u00e9rales d&rsquo;utilisation du site <a href=\"https:\/\/map.thegreenergood.fr\">www.map.thegreenergood.fr<\/a><\/p>\n<h4><strong>ARTICLE 1 : Objet<\/strong><\/h4>\n<p>Les pr\u00e9sentes \u00ab <strong>conditions g\u00e9n\u00e9rales d&rsquo;utilisation<\/strong> \u00bb ont pour objet l&rsquo;encadrement juridique de l\u2019utilisation du site <a href=\"https:\/\/map.thegreenergood.fr\">www.map.thegreenergood.fr<\/a> et de ses services.<\/p>\n<p>Ce contrat est conclu entre :<\/p>\n<p>Le g\u00e9rant du site internet, ci-apr\u00e8s d\u00e9sign\u00e9 \u00ab\u00a0l\u2019\u00c9diteur\u00a0\u00bb,<\/p>\n<p>Toute personne physique ou morale souhaitant acc\u00e9der au site et \u00e0 ses services, ci-apr\u00e8s appel\u00e9 \u00ab\u00a0l\u2019Utilisateur\u00a0\u00bb.<\/p>\n<p>Les conditions g\u00e9n\u00e9rales d&rsquo;utilisation doivent \u00eatre accept\u00e9es par tout Utilisateur, et son acc\u00e8s au site vaut acceptation de ces conditions.<\/p>\n<h4><strong>ARTICLE 2 : Mentions l\u00e9gales<\/strong><\/h4>\n<p>Pour les personnes morales :<\/p>\n<p>Le site <a href=\"https:\/\/map.thegreenergood.fr\">www.map.thegreenergood.fr<\/a> est \u00e9dit\u00e9 par l&rsquo;<strong>Association <a href=\"https:\/\/thegreenergood.fr\">The Greener Good<\/a><\/strong>, dont le si\u00e8ge social est situ\u00e9 au 15 rue du Bocage 69008 Lyon.<\/p>\n<p>La soci\u00e9t\u00e9 est repr\u00e9sent\u00e9e par Cl\u00e9mentine Moss\u00e9 &#8211; Directrice.<\/p>\n<h4><strong>ARTICLE 3 : acc\u00e8s aux services<\/strong><\/h4>\n<p>L\u2019Utilisateur du site <a href=\"https:\/\/map.thegreenergood.fr\">www.map.thegreenergood.fr<\/a> a acc\u00e8s aux services suivants :<br \/>\nLa consultation du contenu descriptif et informatif relatifs les lieux publi\u00e9s, d\u00e9sign\u00e9s comme \u00ab\u00a0initiatives\u00a0\u00bb<br \/>\nL&rsquo;inscription sur le site, la connexion utilisant les informations d&rsquo;acc\u00e8s (utilisateur, mot de passe) enregistr\u00e9es<br \/>\nLa soumission d&rsquo;une nouvelle \u00ab\u00a0initiative\u00a0\u00bb, sous r\u00e9serve de validation par l&rsquo;\u00e9quipe d&rsquo;administration du site<\/p>\n<p>Tout Utilisateur ayant acc\u00e8s a internet peut acc\u00e9der gratuitement et depuis n\u2019importe o\u00f9 au site. Les frais support\u00e9s par l\u2019Utilisateur pour y acc\u00e9der (connexion internet, mat\u00e9riel informatique, etc.) ne sont pas \u00e0 la charge de l\u2019\u00c9diteur.<\/p>\n<p>Les services suivants ne sont pas accessible pour l\u2019Utilisateur que s\u2019il est membre du site (c\u2019est-\u00e0-dire qu\u2019il est identifi\u00e9 \u00e0 l\u2019aide de ses identifiants de connexion) :<br \/>\n&#8211; Soumission d&rsquo;une nouvelle initiative<br \/>\n&#8211; Mise \u00e0 jour de son profil<\/p>\n<p>Le site et ses diff\u00e9rents services peuvent \u00eatre interrompus ou suspendus par l\u2019\u00c9diteur, notamment \u00e0 l\u2019occasion d\u2019une maintenance, sans obligation de pr\u00e9avis ou de justification.<\/p>\n<h4><strong>ARTICLE 4 : Responsabilit\u00e9 de l\u2019Utilisateur<\/strong><\/h4>\n<p>L&rsquo;Utilisateur est responsable des risques li\u00e9s \u00e0 l\u2019utilisation de son identifiant de connexion et de son mot de passe.<\/p>\n<p>Le mot de passe de l\u2019Utilisateur doit rester secret. En cas de divulgation de mot de passe, l\u2019\u00c9diteur d\u00e9cline toute responsabilit\u00e9.<\/p>\n<p>L\u2019Utilisateur assume l\u2019enti\u00e8re responsabilit\u00e9 de l\u2019utilisation qu\u2019il fait des informations et contenus pr\u00e9sents sur le site <a href=\"https:\/\/map.thegreenergood.fr\">www.map.thegreenergood.fr<\/a>.<\/p>\n<p>Tout usage du service par l&rsquo;Utilisateur ayant directement ou indirectement pour cons\u00e9quence des dommages doit faire l&rsquo;objet d&rsquo;une indemnisation au profit du site.<\/p>\n<p>Le site permet aux membres de publier sur le site :<br \/>\nDes initiatives \u00e9co-responsables<\/p>\n<p>Le membre s\u2019engage \u00e0 tenir des propos respectueux des autres et de la loi et accepte que ces publications soient mod\u00e9r\u00e9es ou refus\u00e9es par l\u2019\u00c9diteur, sans obligation de justification.<\/p>\n<p>En publiant sur le site, l\u2019Utilisateur c\u00e8de \u00e0 la soci\u00e9t\u00e9 \u00e9ditrice le droit non exclusif et gratuit de repr\u00e9senter, reproduire, adapter, modifier, diffuser et distribuer sa publication, directement ou par un tiers autoris\u00e9.<\/p>\n<p>L\u2019\u00c9diteur s&rsquo;engage toutefois \u00e0 citer le membre en cas d\u2019utilisation de sa publication<\/p>\n<h4><strong>ARTICLE 5 : Responsabilit\u00e9 de l\u2019\u00c9diteur<\/strong><\/h4>\n<p>Tout dysfonctionnement du serveur ou du r\u00e9seau ne peut engager la responsabilit\u00e9 de l\u2019\u00c9diteur.<\/p>\n<p>De m\u00eame, la responsabilit\u00e9 du site ne peut \u00eatre engag\u00e9e en cas de force majeure ou du fait impr\u00e9visible et insurmontable d&rsquo;un tiers.<\/p>\n<p>Le site <a href=\"https:\/\/map.thegreenergood.fr\">www.map.thegreenergood.fr<\/a> s&rsquo;engage \u00e0 mettre en \u0153uvre tous les moyens n\u00e9cessaires pour garantir la s\u00e9curit\u00e9 et la confidentialit\u00e9 des donn\u00e9es. Toutefois, il n\u2019apporte pas une garantie de s\u00e9curit\u00e9 totale.<\/p>\n<p>L\u2019\u00c9diteur se r\u00e9serve la facult\u00e9 d\u2019une non-garantie de la fiabilit\u00e9 des sources, bien que les informations diffus\u00e9es su le site soient r\u00e9put\u00e9es fiables.<\/p>\n<h4><strong>ARTICLE 6 : Propri\u00e9t\u00e9 intellectuelle<\/strong><\/h4>\n<p>Les contenus du site <a href=\"https:\/\/map.thegreenergood.fr\">www.map.thegreenergood.fr<\/a> (logos, textes, \u00e9l\u00e9ments graphiques, vid\u00e9os, etc.) son prot\u00e9g\u00e9s par le droit d\u2019auteur, en vertu du Code de la propri\u00e9t\u00e9 intellectuelle.<\/p>\n<p>L\u2019Utilisateur devra obtenir l\u2019autorisation de l\u2019\u00e9diteur du site avant toute reproduction, copie ou publication de ces diff\u00e9rents contenus.<\/p>\n<p>Ces derniers peuvent \u00eatre utilis\u00e9s par les utilisateurs \u00e0 des fins priv\u00e9es ; tout usage commercial est interdit.<\/p>\n<p>L\u2019Utilisateur est enti\u00e8rement responsable de tout contenu qu\u2019il met en ligne et il s\u2019engage \u00e0 ne pas porter atteinte \u00e0 un tiers.<\/p>\n<p>L\u2019\u00c9diteur du site se r\u00e9serve le droit de mod\u00e9rer ou de supprimer librement et \u00e0 tout moment les contenus mis en ligne par les utilisateurs, et ce sans justification.<\/p>\n<h4><strong>ARTICLE 7 : Donn\u00e9es personnelles<\/strong><\/h4>\n<p>L\u2019Utilisateur doit obligatoirement fournir des informations personnelles pour proc\u00e9der \u00e0 son inscription sur le site.<\/p>\n<p>L\u2019adresse \u00e9lectronique (e-mail) de l\u2019utilisateur pourra notamment \u00eatre utilis\u00e9e par le site <a href=\"https:\/\/map.thegreenergood.fr\">www.map.thegreenergood.fr<\/a> pour la communication d\u2019informations diverses et la gestion du compte.<\/p>\n<p><a href=\"https:\/\/map.thegreenergood.fr\">www.map.thegreenergood.fr<\/a> garantie le respect de la vie priv\u00e9e de l\u2019utilisateur, conform\u00e9ment \u00e0 la loi n\u00b078-17 du 6 janvier 1978 relative \u00e0 l&rsquo;informatique, aux fichiers et aux libert\u00e9s.<\/p>\n<p>En vertu des articles 39 et 40 de la loi en date du 6 janvier 1978, l&rsquo;Utilisateur dispose d&rsquo;un droit d&rsquo;acc\u00e8s, de rectification, de suppression et d&rsquo;opposition de ses donn\u00e9es personnelles. L&rsquo;Utilisateur exerce ce droit via :<\/p>\n<p>Son espace personnel sur le site ;<br \/>\nUn formulaire de contact ;<br \/>\nPar mail \u00e0 hello[a]thegreenergood.fr ;<br \/>\nPar voie postale \u00e0\u00a0:<br \/>\nThe Greener Good<br \/>\n15 rue du Bocage 69008 Lyon<\/p>\n<h4><strong>ARTICLE 8 : Liens hypertextes<\/strong><\/h4>\n<p>Les domaines vers lesquels m\u00e8nent les liens hypertextes pr\u00e9sents sur le site n\u2019engagent pas la responsabilit\u00e9 de l\u2019\u00c9diteur de <a href=\"https:\/\/map.thegreenergood.fr\">www.map.thegreenergood.fr<\/a>, qui n\u2019a pas de contr\u00f4le sur ces liens.<\/p>\n<p>Il est possible pour un tiers de cr\u00e9er un lien vers une page du site <a href=\"https:\/\/map.thegreenergood.fr\">www.map.thegreenergood.fr<\/a> sans autorisation expresse de l\u2019\u00e9diteur.<\/p>\n<h4><strong>ARTICLE 9 : \u00c9volution des conditions g\u00e9n\u00e9rales d\u2019utilisation<\/strong><\/h4>\n<p>Le site <a href=\"https:\/\/map.thegreenergood.fr\">www.map.thegreenergood.fr<\/a> se r\u00e9serve le droit de modifier les clauses de ces conditions g\u00e9n\u00e9rales d\u2019utilisation \u00e0 tout moment et sans justification.<\/p>\n<h4><strong>ARTICLE 10 : Dur\u00e9e du contrat<\/strong><\/h4>\n<p>La dur\u00e9e du pr\u00e9sent contrat est ind\u00e9termin\u00e9e. Le contrat produit ses effets \u00e0 l&rsquo;\u00e9gard de l&rsquo;Utilisateur \u00e0 compter du d\u00e9but de l\u2019utilisation du service.<\/p>\n<h4><strong>ARTICLE 11 : Droit applicable et juridiction comp\u00e9tente<\/strong><\/h4>\n<p>Le pr\u00e9sent contrat d\u00e9pend de la l\u00e9gislation fran\u00e7aise.<br \/>\nEn cas de litige non r\u00e9solu \u00e0 l\u2019amiable entre l\u2019Utilisateur et l\u2019\u00c9diteur, les tribunaux de Lyon sont comp\u00e9tents pour r\u00e9gler le contentieux.<\/p>\n","protected":false},"excerpt":{"rendered":"<p>Conditions g\u00e9n\u00e9rales d&rsquo;utilisation du site www.map.thegreenergood.fr ARTICLE 1 : Objet Les pr\u00e9sentes \u00ab conditions g\u00e9n\u00e9rales d&rsquo;utilisation \u00bb ont pour objet l&rsquo;encadrement juridique de l\u2019utilisation du site www.map.thegreenergood.fr et de ses services. Ce contrat est conclu entre : Le g\u00e9rant du site internet, ci-apr\u00e8s d\u00e9sign\u00e9 \u00ab\u00a0l\u2019\u00c9diteur\u00a0\u00bb, Toute personne physique ou morale souhaitant acc\u00e9der au site et [&hellip;]<\/p>\n","protected":false},"author":1,"featured_media":0,"parent":0,"menu_order":0,"comment_status":"closed","ping_status":"closed","template":"","meta":{"_exactmetrics_skip_tracking":false,"_exactmetrics_sitenote_active":false,"_exactmetrics_sitenote_note":"","_exactmetrics_sitenote_category":0,"spay_email":""},"yoast_head":"<!-- This site is optimized with the Yoast SEO plugin v14.4.1 - https:\/\/yoast.com\/wordpress\/plugins\/seo\/ -->\n<title>Conditions G\u00e9n\u00e9rales d&#039;Utilisation - The Greener Map<\/title>\n<meta name=\"description\" content=\"Conditions G\u00e9n\u00e9rales d&#039;Utilisation -CGU- du site www.map.thegreenergood.fr propri\u00e9t\u00e9 de l&#039;association The Greener Good, Lyon.\" \/>\n<meta name=\"robots\" content=\"index, follow\" \/>\n<meta name=\"googlebot\" content=\"index, follow, max-snippet:-1, max-image-preview:large, max-video-preview:-1\" \/>\n<meta name=\"bingbot\" content=\"index, follow, max-snippet:-1, max-image-preview:large, max-video-preview:-1\" \/>\n<link rel=\"canonical\" href=\"https:\/\/map.thegreenergood.fr\/index.php\/conditions-generales-dutilisation\/\" \/>\n<meta property=\"og:locale\" content=\"fr_FR\" \/>\n<meta property=\"og:type\" content=\"article\" \/>\n<meta property=\"og:title\" content=\"Conditions G\u00e9n\u00e9rales d&#039;Utilisation - The Greener Map\" \/>\n<meta property=\"og:description\" content=\"Conditions G\u00e9n\u00e9rales d&#039;Utilisation -CGU- du site www.map.thegreenergood.fr propri\u00e9t\u00e9 de l&#039;association The Greener Good, Lyon.\" \/>\n<meta property=\"og:url\" content=\"https:\/\/map.thegreenergood.fr\/index.php\/conditions-generales-dutilisation\/\" \/>\n<meta property=\"og:site_name\" content=\"The Greener Map\" \/>\n<meta property=\"article:publisher\" content=\"https:\/\/www.facebook.com\/thegreenergoodFR\/\" \/>\n<meta property=\"article:modified_time\" content=\"2026-02-12T11:23:46+00:00\" \/>\n<meta name=\"twitter:card\" content=\"summary_large_image\" \/>\n<meta name=\"twitter:creator\" content=\"@TheGreenerGoodF\" \/>\n<meta name=\"twitter:site\" content=\"@TheGreenerGoodF\" \/>\n<script type=\"application\/ld+json\" class=\"yoast-schema-graph\">{\"@context\":\"https:\/\/schema.org\",\"@graph\":[{\"@type\":\"Organization\",\"@id\":\"https:\/\/map.thegreenergood.fr\/#organization\",\"name\":\"The Greener Good\",\"url\":\"https:\/\/map.thegreenergood.fr\/\",\"sameAs\":[\"https:\/\/www.facebook.com\/thegreenergoodFR\/\",\"https:\/\/www.instagram.com\/the_greener_good\/\",\"https:\/\/www.youtube.com\/channel\/UCHW2zAiIK5dMOJKqBSv3G4A\",\"https:\/\/twitter.com\/TheGreenerGoodF\"],\"logo\":{\"@type\":\"ImageObject\",\"@id\":\"https:\/\/map.thegreenergood.fr\/#logo\",\"inLanguage\":\"fr-FR\",\"url\":\"\",\"caption\":\"The Greener Good\"},\"image\":{\"@id\":\"https:\/\/map.thegreenergood.fr\/#logo\"}},{\"@type\":\"WebSite\",\"@id\":\"https:\/\/map.thegreenergood.fr\/#website\",\"url\":\"https:\/\/map.thegreenergood.fr\/\",\"name\":\"Guide Greener\",\"description\":\"Adresses \\u00e9coresponsables du Grand Lyon\",\"publisher\":{\"@id\":\"https:\/\/map.thegreenergood.fr\/#organization\"},\"potentialAction\":[{\"@type\":\"SearchAction\",\"target\":\"https:\/\/map.thegreenergood.fr\/?s={search_term_string}\",\"query-input\":\"required name=search_term_string\"}],\"inLanguage\":\"fr-FR\"},{\"@type\":\"WebPage\",\"@id\":\"https:\/\/map.thegreenergood.fr\/index.php\/conditions-generales-dutilisation\/#webpage\",\"url\":\"https:\/\/map.thegreenergood.fr\/index.php\/conditions-generales-dutilisation\/\",\"name\":\"Conditions G\\u00e9n\\u00e9rales d'Utilisation - The Greener Map\",\"isPartOf\":{\"@id\":\"https:\/\/map.thegreenergood.fr\/#website\"},\"datePublished\":\"2018-11-01T11:01:22+00:00\",\"dateModified\":\"2026-02-12T11:23:46+00:00\",\"description\":\"Conditions G\\u00e9n\\u00e9rales d'Utilisation -CGU- du site www.map.thegreenergood.fr propri\\u00e9t\\u00e9 de l'association The Greener Good, Lyon.\",\"inLanguage\":\"fr-FR\",\"potentialAction\":[{\"@type\":\"ReadAction\",\"target\":[\"https:\/\/map.thegreenergood.fr\/index.php\/conditions-generales-dutilisation\/\"]}]}]}<\/script>\n<!-- \/ Yoast SEO plugin. -->","jetpack_sharing_enabled":true,"jetpack_shortlink":"https:\/\/wp.me\/Pa6u5w-5oP","_links":{"self":[{"href":"https:\/\/map.thegreenergood.fr\/index.php\/wp-json\/wp\/v2\/pages\/20759"}],"collection":[{"href":"https:\/\/map.thegreenergood.fr\/index.php\/wp-json\/wp\/v2\/pages"}],"about":[{"href":"https:\/\/map.thegreenergood.fr\/index.php\/wp-json\/wp\/v2\/types\/page"}],"author":[{"embeddable":true,"href":"https:\/\/map.thegreenergood.fr\/index.php\/wp-json\/wp\/v2\/users\/1"}],"replies":[{"embeddable":true,"href":"https:\/\/map.thegreenergood.fr\/index.php\/wp-json\/wp\/v2\/comments?post=20759"}],"version-history":[{"count":8,"href":"https:\/\/map.thegreenergood.fr\/index.php\/wp-json\/wp\/v2\/pages\/20759\/revisions"}],"predecessor-version":[{"id":25426,"href":"https:\/\/map.thegreenergood.fr\/index.php\/wp-json\/wp\/v2\/pages\/20759\/revisions\/25426"}],"wp:attachment":[{"href":"https:\/\/map.thegreenergood.fr\/index.php\/wp-json\/wp\/v2\/media?parent=20759"}],"curies":[{"name":"wp","href":"https:\/\/api.w.org\/{rel}","templated":true}]}}