{"id":981,"date":"2015-11-09T19:04:46","date_gmt":"2015-11-09T19:04:46","guid":{"rendered":""},"modified":"2026-02-12T12:16:45","modified_gmt":"2026-02-12T11:16:45","slug":"mentions-legales","status":"publish","type":"page","link":"https:\/\/map.thegreenergood.fr\/index.php\/mentions-legales\/","title":{"rendered":"Mentions l\u00e9gales"},"content":{"rendered":"<div class=\"limit-wrapper\">\n<div class=\"row page-wrapper\">\n<article id=\"post-123\" class=\"full post-123 page type-page status-publish hentry\">\n<div class=\"page-content\">\n<p>Pr\u00e9sentation des mentions l\u00e9gales du site The Greener Map<\/p>\n<h3>1. Qui sommes-nous ?<\/h3>\n<p>Le site internet <a href=\"https:\/\/map.thegreenergood.fr\"><strong>www.map.thegreenergood.fr<\/strong><\/a> est la propri\u00e9t\u00e9 et est \u00e9dit\u00e9 par l\u2019association de droit fran\u00e7ais <a href=\"https:\/\/thegreenergood.fr\">The Greener Good<\/a>, d\u00e9clar\u00e9e \u00e0 la pr\u00e9fecture du Rh\u00f4ne. Le si\u00e8ge de l\u2019association est situ\u00e9 au 15 rue du Bocage 69008 Lyon.<\/p>\n<h3>2. Coordonn\u00e9es<\/h3>\n<p>Les coordonn\u00e9es de l\u2019association The Greener Good sont les suivantes :<br \/>\nSi\u00e8ge social : The Greener Good \u2013 15 rue du Bocage 69008 Lyon<br \/>\nCourriel : hello[a]thegreenergood.fr<\/p>\n<h3>3. H\u00e9bergement<\/h3>\n<p>Le site internet est par ailleurs h\u00e9berg\u00e9 par la soci\u00e9t\u00e9 OVH, SAS au capital de 10 000 000\u20ac ayant son si\u00e8ge social au \u2013 France, immatricul\u00e9e au R.C.S. de Roubaix sous le num\u00e9ro 424 761 419.<br \/>\nElle peut \u00eatre contact\u00e9e via les coordonn\u00e9es indiqu\u00e9es sur le lien suivant :<a href=\"https:\/\/www.ovh.com\/fr\/support\/\">\u00a0https:\/\/www.ovh.com\/fr\/support\/<\/a><\/p>\n<h3>4. Cookies<\/h3>\n<p>Afin de mieux vous servir, nous mesurons le nombre de pages vues, le nombre de visites, ainsi que l\u2019activit\u00e9 des visiteurs sur le site, et leur fr\u00e9quence de retour. A cet effet, nous utilisons la technologie des \u201ccookies\u201d.<br \/>\nUn cookie est un petit fichier que les serveurs Web stockent sur le disque dur de votre ordinateur. Ce n\u2019est pas un programme et il ne peut pas endommager les donn\u00e9es de votre ordinateur. Les cookies permettent \u00e0 des sites que vous avez d\u00e9j\u00e0 visit\u00e9s de conserver une trace de votre passage et de m\u00e9moriser ainsi vos pr\u00e9f\u00e9rences de navigation.<\/p>\n<p>Vous pouvez refuser ces cookies ou les supprimer sans que cela ait une quelconque influence sur votre navigation dans le site.<\/p>\n<h3>5. Loi informatique et libert\u00e9s et protection des donn\u00e9es<\/h3>\n<p>Les donn\u00e9es personnelles vous concernant par vous, lors de l\u2019inscription \u00e0 l\u2019envoi de la newsletter, de demandes de contact ou d\u2019inscription \u00e0 l\u2019un de nos \u00e9v\u00e9nements.<\/p>\n<p>Conform\u00e9ment \u00e0 la loi informatique et libert\u00e9s du 06 janvier 1978 modifi\u00e9e, Vous disposez d\u2019un droit d\u2019acc\u00e8s, et le cas \u00e9ch\u00e9ant de rectification des informations \u00e0 caract\u00e8re personnel Vous concernant dans nos fichiers, en nous adressant par \u00e9crit \u00e0 The Greener Good\u2013 15 rue du Bocage 69008 Lyon \u2013 69003 Lyon<\/p>\n<p>The Greener Good utilise \u00e9galement les informations que vous lui transmettez pour vous faire part d\u2019informations et d\u2019offres susceptibles de vous int\u00e9resser. Vous pouvez vous opposer \u00e0 tout moment \u00e0 l\u2019utilisation commerciale de vos donn\u00e9es en nous adressant un courrier \u00e0 l\u2019adresse susmentionn\u00e9e ou par retour d\u2019e-mail \u00e0 l\u2019occasion d\u2019un envoi.<\/p>\n<h3>6. Respect des droits<\/h3>\n<p><strong>Copyrights photos et illustrations :<\/strong><br \/>\nTous droits du propri\u00e9taire des photos et illustrations du site internet \u00ab www.map.thegreenergood.fr\u00bb r\u00e9serv\u00e9s.<br \/>\nToute reproduction et toute utilisation des photos et illustrations du site autre que la consultation individuelle et priv\u00e9e sont interdites, sauf autorisation.<\/p>\n<p><strong>Copyrights contenus :<\/strong><\/p>\n<p>Le contenu du site et la charte graphique sont la propri\u00e9t\u00e9 de The Greener Good ou sont utilis\u00e9s par The Greener Good en accord des titulaires des droits.<\/p>\n<p>Toute utilisation non express\u00e9ment autoris\u00e9e entra\u00eene une violation des droits d\u2019auteurs et constitue une contrefa\u00e7on. The Greener Good se r\u00e9serve le droit d\u2019engager des poursuites judiciaires pouvant engager la responsabilit\u00e9 civile et\/ou p\u00e9nale de l\u2019auteur de ces violations.<\/p>\n<h3>7. Responsabilit\u00e9s<\/h3>\n<p>The Greener Good ne saurait \u00eatre tenu responsable :<br \/>\n\u2022 des dommages de toute nature, direct ou indirect r\u00e9sultant du contenu et\/ou de l\u2019acc\u00e8s et\/ou de l\u2019utilisation du site incluant notamment mais non limitativement toute perte d\u2019exploitation, perte de programme, perte de donn\u00e9es, toute d\u00e9t\u00e9rioration ou virus qui pourraient infecter l\u2019\u00e9quipement informatique ou tout autre bien de l\u2019utilisateur du site,<br \/>\n\u2022 des probl\u00e8mes techniques ou autres rendant l\u2019acc\u00e8s au site difficile, al\u00e9atoire voire impossible et ce quelles qu\u2019en soient la cause et l\u2019origine.<\/p>\n<p><strong>Lien vers d\u2019autres sites<\/strong><br \/>\nThe Greener Good peut proposer des liens depuis le site \u00ab www.map.thegreenergood.fr \u00bb vers d\u2019autres sites affili\u00e9s ou non. The Greener Good n\u2019\u00e9dite pas et ne contr\u00f4le pas ces sites qui sont ind\u00e9pendants. D\u00e8s lors, elle ne saurait \u00eatre responsable de leurs contenus, produits, publicit\u00e9s ou de tous \u00e9l\u00e9ments ou services qu\u2019ils pr\u00e9sentent. Ces sites restent soumis \u00e0 leurs propres conditions d\u2019utilisations et politiques de protection de la vie priv\u00e9e.<\/p>\n<p><strong>Responsabilit\u00e9 de l\u2019utilisateur<\/strong><br \/>\nL\u2019utilisateur est responsable de tout dommage direct ou indirect caus\u00e9 \u00e0 tous tiers y compris The Greener Good du fait de l\u2019utilisation ou de l\u2019exploitation illicite du site lui m\u00eame ou de l\u2019un de ses \u00e9l\u00e9ments et des cons\u00e9quences des r\u00e9clamations ou actions judiciaires dont il pourrait, de ce fait, faire l\u2019objet.<\/p>\n<\/div>\n<\/article>\n<\/div>\n<\/div>\n","protected":false},"excerpt":{"rendered":"<p>Pr\u00e9sentation des mentions l\u00e9gales du site The Greener Map 1. Qui sommes-nous ? Le site internet www.map.thegreenergood.fr est la propri\u00e9t\u00e9 et est \u00e9dit\u00e9 par l\u2019association de droit fran\u00e7ais The Greener Good, d\u00e9clar\u00e9e \u00e0 la pr\u00e9fecture du Rh\u00f4ne. Le si\u00e8ge de l\u2019association est situ\u00e9 au 15 rue du Bocage 69008 Lyon. 2. Coordonn\u00e9es Les coordonn\u00e9es de [&hellip;]<\/p>\n","protected":false},"author":1,"featured_media":0,"parent":0,"menu_order":0,"comment_status":"closed","ping_status":"closed","template":"","meta":{"_exactmetrics_skip_tracking":false,"_exactmetrics_sitenote_active":false,"_exactmetrics_sitenote_note":"","_exactmetrics_sitenote_category":0,"spay_email":""},"yoast_head":"<!-- This site is optimized with the Yoast SEO plugin v14.4.1 - https:\/\/yoast.com\/wordpress\/plugins\/seo\/ -->\n<title>Mentions l\u00e9gales du site internet The Greener Map<\/title>\n<meta name=\"description\" content=\"Mentions l\u00e9gales du site internet The Greener Map, carte interactive qui r\u00e9f\u00e9rence les adresses ecoresponsables de la M\u00e9tropole de Lyon.\" \/>\n<meta name=\"robots\" content=\"index, follow\" \/>\n<meta name=\"googlebot\" content=\"index, follow, max-snippet:-1, max-image-preview:large, max-video-preview:-1\" \/>\n<meta name=\"bingbot\" content=\"index, follow, max-snippet:-1, max-image-preview:large, max-video-preview:-1\" \/>\n<link rel=\"canonical\" href=\"https:\/\/map.thegreenergood.fr\/index.php\/mentions-legales\/\" \/>\n<meta property=\"og:locale\" content=\"fr_FR\" \/>\n<meta property=\"og:type\" content=\"article\" \/>\n<meta property=\"og:title\" content=\"Mentions l\u00e9gales du site internet The Greener Map\" \/>\n<meta property=\"og:description\" content=\"Mentions l\u00e9gales du site internet The Greener Map, carte interactive qui r\u00e9f\u00e9rence les adresses ecoresponsables de la M\u00e9tropole de Lyon.\" \/>\n<meta property=\"og:url\" content=\"https:\/\/map.thegreenergood.fr\/index.php\/mentions-legales\/\" \/>\n<meta property=\"og:site_name\" content=\"The Greener Map\" \/>\n<meta property=\"article:publisher\" content=\"https:\/\/www.facebook.com\/thegreenergoodFR\/\" \/>\n<meta property=\"article:modified_time\" content=\"2026-02-12T11:16:45+00:00\" \/>\n<meta name=\"twitter:card\" content=\"summary_large_image\" \/>\n<meta name=\"twitter:creator\" content=\"@TheGreenerGoodF\" \/>\n<meta name=\"twitter:site\" content=\"@TheGreenerGoodF\" \/>\n<script type=\"application\/ld+json\" class=\"yoast-schema-graph\">{\"@context\":\"https:\/\/schema.org\",\"@graph\":[{\"@type\":\"Organization\",\"@id\":\"https:\/\/map.thegreenergood.fr\/#organization\",\"name\":\"The Greener Good\",\"url\":\"https:\/\/map.thegreenergood.fr\/\",\"sameAs\":[\"https:\/\/www.facebook.com\/thegreenergoodFR\/\",\"https:\/\/www.instagram.com\/the_greener_good\/\",\"https:\/\/www.youtube.com\/channel\/UCHW2zAiIK5dMOJKqBSv3G4A\",\"https:\/\/twitter.com\/TheGreenerGoodF\"],\"logo\":{\"@type\":\"ImageObject\",\"@id\":\"https:\/\/map.thegreenergood.fr\/#logo\",\"inLanguage\":\"fr-FR\",\"url\":\"\",\"caption\":\"The Greener Good\"},\"image\":{\"@id\":\"https:\/\/map.thegreenergood.fr\/#logo\"}},{\"@type\":\"WebSite\",\"@id\":\"https:\/\/map.thegreenergood.fr\/#website\",\"url\":\"https:\/\/map.thegreenergood.fr\/\",\"name\":\"Guide Greener\",\"description\":\"Adresses \\u00e9coresponsables du Grand Lyon\",\"publisher\":{\"@id\":\"https:\/\/map.thegreenergood.fr\/#organization\"},\"potentialAction\":[{\"@type\":\"SearchAction\",\"target\":\"https:\/\/map.thegreenergood.fr\/?s={search_term_string}\",\"query-input\":\"required name=search_term_string\"}],\"inLanguage\":\"fr-FR\"},{\"@type\":\"WebPage\",\"@id\":\"https:\/\/map.thegreenergood.fr\/index.php\/mentions-legales\/#webpage\",\"url\":\"https:\/\/map.thegreenergood.fr\/index.php\/mentions-legales\/\",\"name\":\"Mentions l\\u00e9gales du site internet The Greener Map\",\"isPartOf\":{\"@id\":\"https:\/\/map.thegreenergood.fr\/#website\"},\"datePublished\":\"2015-11-09T19:04:46+00:00\",\"dateModified\":\"2026-02-12T11:16:45+00:00\",\"description\":\"Mentions l\\u00e9gales du site internet The Greener Map, carte interactive qui r\\u00e9f\\u00e9rence les adresses ecoresponsables de la M\\u00e9tropole de Lyon.\",\"inLanguage\":\"fr-FR\",\"potentialAction\":[{\"@type\":\"ReadAction\",\"target\":[\"https:\/\/map.thegreenergood.fr\/index.php\/mentions-legales\/\"]}]}]}<\/script>\n<!-- \/ Yoast SEO plugin. -->","jetpack_sharing_enabled":false,"jetpack_shortlink":"https:\/\/wp.me\/Pa6u5w-fP","_links":{"self":[{"href":"https:\/\/map.thegreenergood.fr\/index.php\/wp-json\/wp\/v2\/pages\/981"}],"collection":[{"href":"https:\/\/map.thegreenergood.fr\/index.php\/wp-json\/wp\/v2\/pages"}],"about":[{"href":"https:\/\/map.thegreenergood.fr\/index.php\/wp-json\/wp\/v2\/types\/page"}],"author":[{"embeddable":true,"href":"https:\/\/map.thegreenergood.fr\/index.php\/wp-json\/wp\/v2\/users\/1"}],"replies":[{"embeddable":true,"href":"https:\/\/map.thegreenergood.fr\/index.php\/wp-json\/wp\/v2\/comments?post=981"}],"version-history":[{"count":8,"href":"https:\/\/map.thegreenergood.fr\/index.php\/wp-json\/wp\/v2\/pages\/981\/revisions"}],"predecessor-version":[{"id":25422,"href":"https:\/\/map.thegreenergood.fr\/index.php\/wp-json\/wp\/v2\/pages\/981\/revisions\/25422"}],"wp:attachment":[{"href":"https:\/\/map.thegreenergood.fr\/index.php\/wp-json\/wp\/v2\/media?parent=981"}],"curies":[{"name":"wp","href":"https:\/\/api.w.org\/{rel}","templated":true}]}}